{"id":147,"date":"2023-12-20T11:13:02","date_gmt":"2023-12-20T14:13:02","guid":{"rendered":"http:\/\/proyectoverde.com.ar\/?page_id=147"},"modified":"2026-04-13T17:00:41","modified_gmt":"2026-04-13T20:00:41","slug":"inicio","status":"publish","type":"page","link":"https:\/\/proyectoverde.com.ar\/","title":{"rendered":"Inicio"},"content":{"rendered":"<section class=\" vc_custom_1776110320240\"><div class=\"container\"><div class=\"row\"><div class=\"wpb_column hcode-column-container vc_col-sm-12 col-xs-mobile-fullwidth\" data-front-class=\"col-xs-mobile-fullwidth\"><div class=\"vc-column-innner-wrapper\">[vc_text_separator title=\"Principales\" color=\"custom\" accent_color=\"#a1c343\" css=\".vc_custom_1776110173256{margin-bottom: 25px !important;}\"]<div class=\"blog-4col product-4\"><div class=\"post-1184 post type-post status-publish format-standard has-post-thumbnail hentry category-general\"><div class=\"col-md-3 col-sm-6 col-xs-12 blog-listing  wow fadeIn\"  data-wow-duration=\"300ms\"><div class=\"blog-post\"><div class=\"blog-image\"> <!-- #66 --> <a href=\"https:\/\/proyectoverde.com.ar\/?p=1184\"><img loading=\"lazy\" decoding=\"async\" width=\"380\" height=\"210\" src=\"https:\/\/proyectoverde.com.ar\/wp-content\/uploads\/2026\/04\/Escuela-380x210.jpg\" class=\"attachment-05News size-05News wp-post-image\" alt=\"\" \/><\/a><\/div><div class=\"blog-details hcode-blog-1\"><div class=\"blog-title entry-title\"><a href=\"https:\/\/proyectoverde.com.ar\/?p=1184\">Nuevo manual para estudiar y comprender el cambio clim\u00e1tico desde el aula<\/a><\/div><div class=\"hcode-blog-excerpt blog-short-description entry-content\"><p>El estudio del cambio clim\u00e1tico como fen\u00f3meno global requiere un abordaje integral que reconozca su...<\/p>\n<\/div><\/div><\/div><\/div><\/div><div class=\"post-1169 post type-post status-publish format-standard has-post-thumbnail hentry category-general\"><div class=\"col-md-3 col-sm-6 col-xs-12 blog-listing  wow fadeIn\"  data-wow-duration=\"600ms\"><div class=\"blog-post\"><div class=\"blog-image\"> <!-- #66 --> <a href=\"https:\/\/proyectoverde.com.ar\/?p=1169\"><img loading=\"lazy\" decoding=\"async\" width=\"380\" height=\"210\" src=\"https:\/\/proyectoverde.com.ar\/wp-content\/uploads\/2026\/04\/Leer-380x210.png\" class=\"attachment-05News size-05News wp-post-image\" alt=\"\" \/><\/a><\/div><div class=\"blog-details hcode-blog-1\"><div class=\"blog-title entry-title\"><a href=\"https:\/\/proyectoverde.com.ar\/?p=1169\">Literatura en el Parque Lezama<\/a><\/div><div class=\"hcode-blog-excerpt blog-short-description entry-content\"><p>El jueves 16 y el s\u00e1bado 18 de abril se realizar\u00e1 este circuito en el...<\/p>\n<\/div><\/div><\/div><\/div><\/div><div class=\"post-1181 post type-post status-publish format-standard has-post-thumbnail hentry category-general\"><div class=\"col-md-3 col-sm-6 col-xs-12 blog-listing  wow fadeIn\"  data-wow-duration=\"900ms\"><div class=\"blog-post\"><div class=\"blog-image\"> <!-- #66 --> <a href=\"https:\/\/proyectoverde.com.ar\/?p=1181\"><img loading=\"lazy\" decoding=\"async\" width=\"380\" height=\"210\" src=\"https:\/\/proyectoverde.com.ar\/wp-content\/uploads\/2026\/04\/Urquiza-380x210.jpeg\" class=\"attachment-05News size-05News wp-post-image\" alt=\"\" srcset=\"https:\/\/proyectoverde.com.ar\/wp-content\/uploads\/2026\/04\/Urquiza-380x210.jpeg 380w, https:\/\/proyectoverde.com.ar\/wp-content\/uploads\/2026\/04\/Urquiza-90x51.jpeg 90w\" sizes=\"(max-width: 380px) 100vw, 380px\" \/><\/a><\/div><div class=\"blog-details hcode-blog-1\"><div class=\"blog-title entry-title\"><a href=\"https:\/\/proyectoverde.com.ar\/?p=1181\">Habr\u00e1 un parque en un terreno ferroviario de Villa Urquiza que estaba ocupado<\/a><\/div><div class=\"hcode-blog-excerpt blog-short-description entry-content\"><p>La Ciudad de Buenos Aires transformar\u00e1 un antiguo predio ferroviario en un espacio verde p\u00fablico...<\/p>\n<\/div><\/div><\/div><\/div><\/div><div class=\"post-1178 post type-post status-publish format-standard has-post-thumbnail hentry category-general\"><div class=\"col-md-3 col-sm-6 col-xs-12 blog-listing  wow fadeIn\"  data-wow-duration=\"1200ms\"><div class=\"blog-post\"><div class=\"blog-image\"> <!-- #66 --> <a href=\"https:\/\/proyectoverde.com.ar\/?p=1178\"><img loading=\"lazy\" decoding=\"async\" width=\"380\" height=\"210\" src=\"https:\/\/proyectoverde.com.ar\/wp-content\/uploads\/2026\/04\/Plaza-380x210.jpg\" class=\"attachment-05News size-05News wp-post-image\" alt=\"\" \/><\/a><\/div><div class=\"blog-details hcode-blog-1\"><div class=\"blog-title entry-title\"><a href=\"https:\/\/proyectoverde.com.ar\/?p=1178\">Puesta en valor de la calistenia en Plaza Serbia<\/a><\/div><div class=\"hcode-blog-excerpt blog-short-description entry-content\"><p>La Plaza Rep\u00fablica de Serbia, ubicada en Av. Figueroa Alcorta y Av. Dorrego, posee este...<\/p>\n<\/div><\/div><\/div><\/div><\/div><\/div>[vc_text_separator title=\"Varias\" color=\"custom\" accent_color=\"#a1c343\"]<div class=\"blog-4col product-4\"><div class=\"post-1166 post type-post status-publish format-standard hentry category-varias\"><div class=\"col-md-3 col-sm-6 col-xs-12 blog-listing \" ><div class=\"blog-details hcode-blog-2\"><div class=\"blog-title entry-title\"><a href=\"https:\/\/proyectoverde.com.ar\/?p=1166\">Primera Reuni\u00f3n del Grupo de Trabajo de Democracia Ambiental<\/a><\/div><div class=\"hcode-blog-excerpt blog-short-description entry-content\"><p>El encuentro cont\u00f3 con la participaci\u00f3n de organismos garantes de distintos pa\u00edses de Am\u00e9rica Latina y se destac\u00f3 por la incorporaci\u00f3n de nuevos miembros, lo que refuerza el car\u00e1cter colaborativo...<\/p>\n<\/div><div class=\"hcode-blog-separator separator-line bg-black no-margin-lr\"><\/div><\/div><\/div><\/div><div class=\"post-1143 post type-post status-publish format-standard hentry category-varias tag-jorge-macri\"><div class=\"col-md-3 col-sm-6 col-xs-12 blog-listing \" ><div class=\"blog-details hcode-blog-2\"><div class=\"blog-title entry-title\"><a href=\"https:\/\/proyectoverde.com.ar\/?p=1143\">El Jefe de Gobierno quiere impedir que la gente viva en la calle<\/a><\/div><div class=\"hcode-blog-excerpt blog-short-description entry-content\"><p>Jorge Macri ratific\u00f3 su compromiso con el orden y la seguridad y quiere impedir que la gente viva en la calle Con asistencias habitacionales y una red de 50 Centros...<\/p>\n<\/div><div class=\"hcode-blog-separator separator-line bg-black no-margin-lr\"><\/div><\/div><\/div><\/div><div class=\"post-1131 post type-post status-publish format-standard hentry category-varias\"><div class=\"col-md-3 col-sm-6 col-xs-12 blog-listing \" ><div class=\"blog-details hcode-blog-2\"><div class=\"blog-title entry-title\"><a href=\"https:\/\/proyectoverde.com.ar\/?p=1131\">Derecho humano al agua<\/a><\/div><div class=\"hcode-blog-excerpt blog-short-description entry-content\"><p>Como resultado de la labor encomendada al Ianiglia, los\/as argentinos\/as sabemos que los glaciares de Argentina est\u00e1n ubicados a lo largo de 4.000 kil\u00f3metros, en la Cordillera de los Andes,...<\/p>\n<\/div><div class=\"hcode-blog-separator separator-line bg-black no-margin-lr\"><\/div><\/div><\/div><\/div><div class=\"post-1122 post type-post status-publish format-standard hentry category-varias\"><div class=\"col-md-3 col-sm-6 col-xs-12 blog-listing \" ><div class=\"blog-details hcode-blog-2\"><div class=\"blog-title entry-title\"><a href=\"https:\/\/proyectoverde.com.ar\/?p=1122\">El gobierno porte\u00f1o sigue sumando espacios verdes en la Ciudad<\/a><\/div><div class=\"hcode-blog-excerpt blog-short-description entry-content\"><p>La creaci\u00f3n de la nueva plaza junto al Mercado de Pulgas forma parte del plan que lleva adelante el Gobierno porte\u00f1o para seguir ampliando la red de espacios verdes y...<\/p>\n<\/div><div class=\"hcode-blog-separator separator-line bg-black no-margin-lr\"><\/div><\/div><\/div><\/div><\/div><\/div><\/div><\/div><\/div><\/section><section><div class=\"container\"><div class=\"row\"><div class=\"wpb_column hcode-column-container vc_col-sm-12 col-xs-mobile-fullwidth\" data-front-class=\"col-xs-mobile-fullwidth\"><div class=\"vc-column-innner-wrapper\"><a href=\"https:\/\/buenosaires.gob.ar\/DescubrirBA\" target=\"_blank\"><img loading=\"lazy\" decoding=\"async\" width=\"1080\" height=\"90\" src=\"https:\/\/proyectoverde.com.ar\/wp-content\/uploads\/2026\/03\/Proyecto.jpg\" class=\" xs-img-full aligncenter sm-aligncenter xs-aligncenter\" alt=\"\" srcset=\"https:\/\/proyectoverde.com.ar\/wp-content\/uploads\/2026\/03\/Proyecto.jpg 1080w, https:\/\/proyectoverde.com.ar\/wp-content\/uploads\/2026\/03\/Proyecto-300x25.jpg 300w, https:\/\/proyectoverde.com.ar\/wp-content\/uploads\/2026\/03\/Proyecto-1024x85.jpg 1024w, https:\/\/proyectoverde.com.ar\/wp-content\/uploads\/2026\/03\/Proyecto-768x64.jpg 768w, https:\/\/proyectoverde.com.ar\/wp-content\/uploads\/2026\/03\/Proyecto-90x8.jpg 90w\" sizes=\"(max-width: 1080px) 100vw, 1080px\" \/><\/a><\/div><\/div><\/div><\/div><\/section>","protected":false},"excerpt":{"rendered":"<p>La creaci\u00f3n de la nueva plaza junto al Mercado de Pulgas forma parte del plan que lleva adelante el Gobierno porte\u00f1o para seguir ampliando la red de espacios verdes y mejorar la calidad del espacio p\u00fablico en todos los barrios. Con ese mismo objetivo, el a\u00f1o pasado la Ciudad inaugur\u00f3 la primera plaza del barrio [&hellip;]<\/p>\n","protected":false},"author":1,"featured_media":98,"parent":0,"menu_order":0,"comment_status":"closed","ping_status":"closed","template":"","meta":{"footnotes":""},"yoast_head":"<!-- This site is optimized with the Yoast SEO plugin v21.7 - https:\/\/yoast.com\/wordpress\/plugins\/seo\/ -->\n<title>Inicio - Proyecto Verde<\/title>\n<meta name=\"robots\" content=\"index, follow, max-snippet:-1, max-image-preview:large, max-video-preview:-1\" \/>\n<link rel=\"canonical\" href=\"https:\/\/proyectoverde.com.ar\/\" \/>\n<meta property=\"og:locale\" content=\"es_ES\" \/>\n<meta property=\"og:type\" content=\"article\" \/>\n<meta property=\"og:title\" content=\"Inicio - Proyecto Verde\" \/>\n<meta property=\"og:description\" content=\"La creaci\u00f3n de la nueva plaza junto al Mercado de Pulgas forma parte del plan que lleva adelante el Gobierno porte\u00f1o para seguir ampliando la red de espacios verdes y mejorar la calidad del espacio p\u00fablico en todos los barrios. Con ese mismo objetivo, el a\u00f1o pasado la Ciudad inaugur\u00f3 la primera plaza del barrio [&hellip;]\" \/>\n<meta property=\"og:url\" content=\"https:\/\/proyectoverde.com.ar\/\" \/>\n<meta property=\"og:site_name\" content=\"Proyecto Verde\" \/>\n<meta property=\"article:modified_time\" content=\"2026-04-13T20:00:41+00:00\" \/>\n<meta property=\"og:image\" content=\"https:\/\/proyectoverde.com.ar\/wp-content\/uploads\/2023\/12\/Verde-1-1.png\" \/>\n\t<meta property=\"og:image:width\" content=\"512\" \/>\n\t<meta property=\"og:image:height\" content=\"512\" \/>\n\t<meta property=\"og:image:type\" content=\"image\/png\" \/>\n<meta name=\"twitter:card\" content=\"summary_large_image\" \/>\n<meta name=\"twitter:label1\" content=\"Est. reading time\" \/>\n\t<meta name=\"twitter:data1\" content=\"1 minuto\" \/>\n<script type=\"application\/ld+json\" class=\"yoast-schema-graph\">{\"@context\":\"https:\/\/schema.org\",\"@graph\":[{\"@type\":\"WebPage\",\"@id\":\"https:\/\/proyectoverde.com.ar\/\",\"url\":\"https:\/\/proyectoverde.com.ar\/\",\"name\":\"Inicio - Proyecto Verde\",\"isPartOf\":{\"@id\":\"https:\/\/proyectoverde.com.ar\/#website\"},\"datePublished\":\"2023-12-20T14:13:02+00:00\",\"dateModified\":\"2026-04-13T20:00:41+00:00\",\"breadcrumb\":{\"@id\":\"https:\/\/proyectoverde.com.ar\/#breadcrumb\"},\"inLanguage\":\"es-AR\",\"potentialAction\":[{\"@type\":\"ReadAction\",\"target\":[\"https:\/\/proyectoverde.com.ar\/\"]}]},{\"@type\":\"BreadcrumbList\",\"@id\":\"https:\/\/proyectoverde.com.ar\/#breadcrumb\",\"itemListElement\":[{\"@type\":\"ListItem\",\"position\":1,\"name\":\"Home\",\"item\":\"https:\/\/proyectoverde.com.ar\/\"},{\"@type\":\"ListItem\",\"position\":2,\"name\":\"Inicio\"}]},{\"@type\":\"WebSite\",\"@id\":\"https:\/\/proyectoverde.com.ar\/#website\",\"url\":\"https:\/\/proyectoverde.com.ar\/\",\"name\":\"Proyecto Verde\",\"description\":\"\",\"potentialAction\":[{\"@type\":\"SearchAction\",\"target\":{\"@type\":\"EntryPoint\",\"urlTemplate\":\"https:\/\/proyectoverde.com.ar\/?s={search_term_string}\"},\"query-input\":\"required name=search_term_string\"}],\"inLanguage\":\"es-AR\"}]}<\/script>\n<!-- \/ Yoast SEO plugin. -->","yoast_head_json":{"title":"Inicio - Proyecto Verde","robots":{"index":"index","follow":"follow","max-snippet":"max-snippet:-1","max-image-preview":"max-image-preview:large","max-video-preview":"max-video-preview:-1"},"canonical":"https:\/\/proyectoverde.com.ar\/","og_locale":"es_ES","og_type":"article","og_title":"Inicio - Proyecto Verde","og_description":"La creaci\u00f3n de la nueva plaza junto al Mercado de Pulgas forma parte del plan que lleva adelante el Gobierno porte\u00f1o para seguir ampliando la red de espacios verdes y mejorar la calidad del espacio p\u00fablico en todos los barrios. Con ese mismo objetivo, el a\u00f1o pasado la Ciudad inaugur\u00f3 la primera plaza del barrio [&hellip;]","og_url":"https:\/\/proyectoverde.com.ar\/","og_site_name":"Proyecto Verde","article_modified_time":"2026-04-13T20:00:41+00:00","og_image":[{"width":512,"height":512,"url":"https:\/\/proyectoverde.com.ar\/wp-content\/uploads\/2023\/12\/Verde-1-1.png","type":"image\/png"}],"twitter_card":"summary_large_image","twitter_misc":{"Est. reading time":"1 minuto"},"schema":{"@context":"https:\/\/schema.org","@graph":[{"@type":"WebPage","@id":"https:\/\/proyectoverde.com.ar\/","url":"https:\/\/proyectoverde.com.ar\/","name":"Inicio - Proyecto Verde","isPartOf":{"@id":"https:\/\/proyectoverde.com.ar\/#website"},"datePublished":"2023-12-20T14:13:02+00:00","dateModified":"2026-04-13T20:00:41+00:00","breadcrumb":{"@id":"https:\/\/proyectoverde.com.ar\/#breadcrumb"},"inLanguage":"es-AR","potentialAction":[{"@type":"ReadAction","target":["https:\/\/proyectoverde.com.ar\/"]}]},{"@type":"BreadcrumbList","@id":"https:\/\/proyectoverde.com.ar\/#breadcrumb","itemListElement":[{"@type":"ListItem","position":1,"name":"Home","item":"https:\/\/proyectoverde.com.ar\/"},{"@type":"ListItem","position":2,"name":"Inicio"}]},{"@type":"WebSite","@id":"https:\/\/proyectoverde.com.ar\/#website","url":"https:\/\/proyectoverde.com.ar\/","name":"Proyecto Verde","description":"","potentialAction":[{"@type":"SearchAction","target":{"@type":"EntryPoint","urlTemplate":"https:\/\/proyectoverde.com.ar\/?s={search_term_string}"},"query-input":"required name=search_term_string"}],"inLanguage":"es-AR"}]}},"_links":{"self":[{"href":"https:\/\/proyectoverde.com.ar\/index.php?rest_route=\/wp\/v2\/pages\/147"}],"collection":[{"href":"https:\/\/proyectoverde.com.ar\/index.php?rest_route=\/wp\/v2\/pages"}],"about":[{"href":"https:\/\/proyectoverde.com.ar\/index.php?rest_route=\/wp\/v2\/types\/page"}],"author":[{"embeddable":true,"href":"https:\/\/proyectoverde.com.ar\/index.php?rest_route=\/wp\/v2\/users\/1"}],"replies":[{"embeddable":true,"href":"https:\/\/proyectoverde.com.ar\/index.php?rest_route=%2Fwp%2Fv2%2Fcomments&post=147"}],"version-history":[{"count":32,"href":"https:\/\/proyectoverde.com.ar\/index.php?rest_route=\/wp\/v2\/pages\/147\/revisions"}],"predecessor-version":[{"id":1177,"href":"https:\/\/proyectoverde.com.ar\/index.php?rest_route=\/wp\/v2\/pages\/147\/revisions\/1177"}],"wp:featuredmedia":[{"embeddable":true,"href":"https:\/\/proyectoverde.com.ar\/index.php?rest_route=\/wp\/v2\/media\/98"}],"wp:attachment":[{"href":"https:\/\/proyectoverde.com.ar\/index.php?rest_route=%2Fwp%2Fv2%2Fmedia&parent=147"}],"curies":[{"name":"wp","href":"https:\/\/api.w.org\/{rel}","templated":true}]}}